{"id":132,"date":"2016-10-08T14:28:34","date_gmt":"2016-10-08T12:28:34","guid":{"rendered":"http:\/\/www.mk-rechtsanwaelte.de\/mk\/?page_id=132"},"modified":"2016-10-08T14:28:34","modified_gmt":"2016-10-08T12:28:34","slug":"berufsausbildung","status":"publish","type":"page","link":"http:\/\/www.mk-rechtsanwaelte.de\/mk\/berufsausbildung\/","title":{"rendered":"Berufsausbildung"},"content":{"rendered":"<p><strong>Berufsausbildungsverh\u00e4ltnisse<\/strong> sind nach Ablauf der Probezeit nur noch fristlos k\u00fcndbar. Es muss ein wichtiger Grund vorliegen, der die K\u00fcndigung eines Ausbildungsverh\u00e4ltnisses rechtfertigt. Je weiter das Ausbildungsverh\u00e4ltnis fortgeschritten ist, desto h\u00f6her sind die Anforderungen an die K\u00fcndigungsgr\u00fcnde.<\/p>\n","protected":false},"excerpt":{"rendered":"<p>Berufsausbildungsverh\u00e4ltnisse sind nach Ablauf der Probezeit nur noch fristlos k\u00fcndbar. Es muss ein wichtiger Grund vorliegen, der die K\u00fcndigung eines Ausbildungsverh\u00e4ltnisses rechtfertigt. Je weiter das Ausbildungsverh\u00e4ltnis fortgeschritten ist, desto h\u00f6her sind die Anforderungen an die K\u00fcndigungsgr\u00fcnde.<\/p>\n","protected":false},"author":1,"featured_media":0,"parent":0,"menu_order":0,"comment_status":"closed","ping_status":"closed","template":"","meta":[],"_links":{"self":[{"href":"http:\/\/www.mk-rechtsanwaelte.de\/mk\/wp-json\/wp\/v2\/pages\/132"}],"collection":[{"href":"http:\/\/www.mk-rechtsanwaelte.de\/mk\/wp-json\/wp\/v2\/pages"}],"about":[{"href":"http:\/\/www.mk-rechtsanwaelte.de\/mk\/wp-json\/wp\/v2\/types\/page"}],"author":[{"embeddable":true,"href":"http:\/\/www.mk-rechtsanwaelte.de\/mk\/wp-json\/wp\/v2\/users\/1"}],"replies":[{"embeddable":true,"href":"http:\/\/www.mk-rechtsanwaelte.de\/mk\/wp-json\/wp\/v2\/comments?post=132"}],"version-history":[{"count":1,"href":"http:\/\/www.mk-rechtsanwaelte.de\/mk\/wp-json\/wp\/v2\/pages\/132\/revisions"}],"predecessor-version":[{"id":133,"href":"http:\/\/www.mk-rechtsanwaelte.de\/mk\/wp-json\/wp\/v2\/pages\/132\/revisions\/133"}],"wp:attachment":[{"href":"http:\/\/www.mk-rechtsanwaelte.de\/mk\/wp-json\/wp\/v2\/media?parent=132"}],"curies":[{"name":"wp","href":"https:\/\/api.w.org\/{rel}","templated":true}]}}