{"id":14,"date":"2016-10-01T22:21:10","date_gmt":"2016-10-01T20:21:10","guid":{"rendered":"http:\/\/www.mk-rechtsanwaelte.de\/mk\/?page_id=14"},"modified":"2019-05-20T15:23:34","modified_gmt":"2019-05-20T13:23:34","slug":"rechtsanwalt-und-fachanwalt-guenther-koy","status":"publish","type":"page","link":"http:\/\/www.mk-rechtsanwaelte.de\/mk\/rechtsanwalt-und-fachanwalt-guenther-koy\/","title":{"rendered":"Rechtsanwalt und Fachanwalt G\u00fcnther Koy"},"content":{"rendered":"<p align=\"justify\"><img decoding=\"async\" loading=\"lazy\" class=\"alignnone size-medium wp-image-17 aligncenter\" src=\"http:\/\/www.mk-rechtsanwaelte.de\/mk\/wp-content\/uploads\/2016\/10\/Portrait-3-224x300.jpg\" alt=\"portrait-3\" width=\"224\" height=\"300\" srcset=\"http:\/\/www.mk-rechtsanwaelte.de\/mk\/wp-content\/uploads\/2016\/10\/Portrait-3-224x300.jpg 224w, http:\/\/www.mk-rechtsanwaelte.de\/mk\/wp-content\/uploads\/2016\/10\/Portrait-3-768x1028.jpg 768w, http:\/\/www.mk-rechtsanwaelte.de\/mk\/wp-content\/uploads\/2016\/10\/Portrait-3-765x1024.jpg 765w, http:\/\/www.mk-rechtsanwaelte.de\/mk\/wp-content\/uploads\/2016\/10\/Portrait-3.jpg 959w\" sizes=\"(max-width: 224px) 100vw, 224px\" \/><\/p>\n<p align=\"justify\">Studium in Frankfurt am Main mit Schwerpunkt Zivilrecht. Referendariat in Potsdam mit Stationen in Berlin und Washington DC mit den Schwerpunkten Zivilrecht und Strafrecht.<\/p>\n<div align=\"justify\"><\/div>\n<p align=\"justify\">Nebenberufliche T\u00e4tigkeit als Netzwerkadministrator. Von 2000 bis 2002 alleinverantwortlicher Syndicus der Firma united systems AG, M\u00fcnchen.<\/p>\n<div align=\"justify\"><\/div>\n<p align=\"justify\">Seit 2003 Rechtsanwalt in eigener Praxis, 2009 Zusammenschluss zur Kanzlei Mielke Koy Butenberg, seit Oktober 2016 MK Rechtsanw\u00e4lte<\/p>\n<p align=\"justify\">Herr Rechtsanwalt Koy ist <em><strong>Fachanwalt f\u00fcr Miet- und Wohnungseigentumsrecht<\/strong><\/em><\/p>\n<div align=\"justify\">Zudem strebt Herr Rechtsanwalt Koy die Fachanwaltschaften f\u00fcr Gewerblichen Rechtsschutz und Verkehrsrecht an. Die theoretischen Anforderungen f\u00fcr diese Titel hat Herr Rechtsanwalt Koy bereits mit gutem Erfolg erf\u00fcllt.<\/div>\n","protected":false},"excerpt":{"rendered":"<p>Studium in Frankfurt am Main mit Schwerpunkt Zivilrecht. Referendariat in Potsdam mit Stationen in Berlin und Washington DC mit den Schwerpunkten Zivilrecht und Strafrecht. Nebenberufliche T\u00e4tigkeit als Netzwerkadministrator. Von 2000 bis 2002 alleinverantwortlicher Syndicus der Firma united systems AG, M\u00fcnchen.<\/p>\n","protected":false},"author":1,"featured_media":0,"parent":0,"menu_order":0,"comment_status":"closed","ping_status":"closed","template":"","meta":[],"_links":{"self":[{"href":"http:\/\/www.mk-rechtsanwaelte.de\/mk\/wp-json\/wp\/v2\/pages\/14"}],"collection":[{"href":"http:\/\/www.mk-rechtsanwaelte.de\/mk\/wp-json\/wp\/v2\/pages"}],"about":[{"href":"http:\/\/www.mk-rechtsanwaelte.de\/mk\/wp-json\/wp\/v2\/types\/page"}],"author":[{"embeddable":true,"href":"http:\/\/www.mk-rechtsanwaelte.de\/mk\/wp-json\/wp\/v2\/users\/1"}],"replies":[{"embeddable":true,"href":"http:\/\/www.mk-rechtsanwaelte.de\/mk\/wp-json\/wp\/v2\/comments?post=14"}],"version-history":[{"count":10,"href":"http:\/\/www.mk-rechtsanwaelte.de\/mk\/wp-json\/wp\/v2\/pages\/14\/revisions"}],"predecessor-version":[{"id":18066,"href":"http:\/\/www.mk-rechtsanwaelte.de\/mk\/wp-json\/wp\/v2\/pages\/14\/revisions\/18066"}],"wp:attachment":[{"href":"http:\/\/www.mk-rechtsanwaelte.de\/mk\/wp-json\/wp\/v2\/media?parent=14"}],"curies":[{"name":"wp","href":"https:\/\/api.w.org\/{rel}","templated":true}]}}