{"id":142,"date":"2016-10-09T14:54:33","date_gmt":"2016-10-09T12:54:33","guid":{"rendered":"http:\/\/www.mk-rechtsanwaelte.de\/mk\/?page_id=142"},"modified":"2016-10-09T14:54:33","modified_gmt":"2016-10-09T12:54:33","slug":"kosten-des-arbeitsgerichtlichen-verfahrens","status":"publish","type":"page","link":"http:\/\/www.mk-rechtsanwaelte.de\/mk\/kosten-des-arbeitsgerichtlichen-verfahrens\/","title":{"rendered":"Kosten des arbeitsgerichtlichen Verfahrens"},"content":{"rendered":"<p>In arbeitsrechtlichen Angelegenheiten, einschlie\u00dflich des arbeitsgerichtlichen Verfahrens der I. Instanz <strong>tr\u00e4gt jede Partei ihre Kosten selbst<\/strong>.<\/p>\n<p>Anders als im Zivilverfahren gibt es <strong>keinen Kostenerstattungsanspruch gegen die unterliegende Partei<\/strong>.<\/p>\n<p>Dies ist gesetzlich ausdr\u00fccklich geregelt. Sowohl Arbeitnehmer als auch Arbeitgeber haben allerdings die M\u00f6glichkeit, f\u00fcr das gerichtliche Verfahren Prozesskostenhilfe zu beantragen.<\/p>\n","protected":false},"excerpt":{"rendered":"<p>In arbeitsrechtlichen Angelegenheiten, einschlie\u00dflich des arbeitsgerichtlichen Verfahrens der I. Instanz tr\u00e4gt jede Partei ihre Kosten selbst. Anders als im Zivilverfahren gibt es keinen Kostenerstattungsanspruch gegen die unterliegende Partei. Dies ist gesetzlich ausdr\u00fccklich geregelt. Sowohl Arbeitnehmer als auch Arbeitgeber haben allerdings<\/p>\n","protected":false},"author":1,"featured_media":0,"parent":0,"menu_order":0,"comment_status":"closed","ping_status":"closed","template":"","meta":[],"_links":{"self":[{"href":"http:\/\/www.mk-rechtsanwaelte.de\/mk\/wp-json\/wp\/v2\/pages\/142"}],"collection":[{"href":"http:\/\/www.mk-rechtsanwaelte.de\/mk\/wp-json\/wp\/v2\/pages"}],"about":[{"href":"http:\/\/www.mk-rechtsanwaelte.de\/mk\/wp-json\/wp\/v2\/types\/page"}],"author":[{"embeddable":true,"href":"http:\/\/www.mk-rechtsanwaelte.de\/mk\/wp-json\/wp\/v2\/users\/1"}],"replies":[{"embeddable":true,"href":"http:\/\/www.mk-rechtsanwaelte.de\/mk\/wp-json\/wp\/v2\/comments?post=142"}],"version-history":[{"count":2,"href":"http:\/\/www.mk-rechtsanwaelte.de\/mk\/wp-json\/wp\/v2\/pages\/142\/revisions"}],"predecessor-version":[{"id":144,"href":"http:\/\/www.mk-rechtsanwaelte.de\/mk\/wp-json\/wp\/v2\/pages\/142\/revisions\/144"}],"wp:attachment":[{"href":"http:\/\/www.mk-rechtsanwaelte.de\/mk\/wp-json\/wp\/v2\/media?parent=142"}],"curies":[{"name":"wp","href":"https:\/\/api.w.org\/{rel}","templated":true}]}}