{"id":145,"date":"2016-10-09T17:43:40","date_gmt":"2016-10-09T15:43:40","guid":{"rendered":"http:\/\/www.mk-rechtsanwaelte.de\/mk\/?page_id=145"},"modified":"2016-10-09T17:46:23","modified_gmt":"2016-10-09T15:46:23","slug":"it-recht","status":"publish","type":"page","link":"http:\/\/www.mk-rechtsanwaelte.de\/mk\/it-recht\/","title":{"rendered":"IT-Recht"},"content":{"rendered":"<p align=\"justify\">Wir beraten Softwareh\u00e4user, IT-Experten und Outsourcing-Unternehmen zu allen Fragen rund um das IT-Recht. Dazu geh\u00f6ren die Erstellung oder \u00dcberpr\u00fcfung von Software\u00fcberlassungsvertr\u00e4gen, Softwarepflegevertr\u00e4gen, Service-Level-Agreements, Quellcodehinterlegungsvereinbarungen, IT-Servicevertr\u00e4gen sowie Vertr\u00e4gen \u00fcber Cloudcomputing, Hosting und Webseitenerstellung.<\/p>\n<p align=\"justify\">Wir vertreten Ihre Interessen bei Leistungsst\u00f6rungen innerhalb der genannten Vertr\u00e4ge und setzen Ihre Rechte auch vor Gericht durch. Auch das Datenschutzrecht und die wettbewerbsrechtlichen und urheberrechtlichen Fragestellungen zum IT Recht sind bei uns in guten H\u00e4nden.<\/p>\n<p align=\"justify\">Wir vertreten Sie bei Abmahnungen zum Thema Filesharing, Downloads, Bittorent und sonstigen urheberrechtlichen Fragestellungen im Internet.<\/p>\n<p align=\"justify\">Ansprechpartner f\u00fcr das IT-Recht ist Herr <a href=\"http:\/\/www.mk-rechtsanwaelte.de\/mk\/rechtsanwalt-und-fachanwalt-guenther-koy\/\">Rechtsanwalt G\u00fcnther Koy<\/a><\/p>\n<p align=\"justify\">Aktuelle Berichte zum IT-Recht finden Sie in unserem Blog unter der Rubrik IT Recht.<\/p>\n","protected":false},"excerpt":{"rendered":"<p>Wir beraten Softwareh\u00e4user, IT-Experten und Outsourcing-Unternehmen zu allen Fragen rund um das IT-Recht. Dazu geh\u00f6ren die Erstellung oder \u00dcberpr\u00fcfung von Software\u00fcberlassungsvertr\u00e4gen, Softwarepflegevertr\u00e4gen, Service-Level-Agreements, Quellcodehinterlegungsvereinbarungen, IT-Servicevertr\u00e4gen sowie Vertr\u00e4gen \u00fcber Cloudcomputing, Hosting und Webseitenerstellung. Wir vertreten Ihre Interessen bei Leistungsst\u00f6rungen innerhalb der<\/p>\n","protected":false},"author":1,"featured_media":0,"parent":0,"menu_order":0,"comment_status":"closed","ping_status":"closed","template":"","meta":[],"_links":{"self":[{"href":"http:\/\/www.mk-rechtsanwaelte.de\/mk\/wp-json\/wp\/v2\/pages\/145"}],"collection":[{"href":"http:\/\/www.mk-rechtsanwaelte.de\/mk\/wp-json\/wp\/v2\/pages"}],"about":[{"href":"http:\/\/www.mk-rechtsanwaelte.de\/mk\/wp-json\/wp\/v2\/types\/page"}],"author":[{"embeddable":true,"href":"http:\/\/www.mk-rechtsanwaelte.de\/mk\/wp-json\/wp\/v2\/users\/1"}],"replies":[{"embeddable":true,"href":"http:\/\/www.mk-rechtsanwaelte.de\/mk\/wp-json\/wp\/v2\/comments?post=145"}],"version-history":[{"count":1,"href":"http:\/\/www.mk-rechtsanwaelte.de\/mk\/wp-json\/wp\/v2\/pages\/145\/revisions"}],"predecessor-version":[{"id":146,"href":"http:\/\/www.mk-rechtsanwaelte.de\/mk\/wp-json\/wp\/v2\/pages\/145\/revisions\/146"}],"wp:attachment":[{"href":"http:\/\/www.mk-rechtsanwaelte.de\/mk\/wp-json\/wp\/v2\/media?parent=145"}],"curies":[{"name":"wp","href":"https:\/\/api.w.org\/{rel}","templated":true}]}}