{"id":22,"date":"2016-10-01T22:24:05","date_gmt":"2016-10-01T20:24:05","guid":{"rendered":"http:\/\/www.mk-rechtsanwaelte.de\/mk\/?page_id=22"},"modified":"2016-10-03T14:45:55","modified_gmt":"2016-10-03T12:45:55","slug":"rechtsanwaelte","status":"publish","type":"page","link":"http:\/\/www.mk-rechtsanwaelte.de\/mk\/rechtsanwaelte\/","title":{"rendered":"Rechtsanw\u00e4lte"},"content":{"rendered":"<p>Die Rechtsanwaltskanzlei MK Rechtsanw\u00e4lte besteht derzeit aus zwei Berufstr\u00e4gern:<\/p>\n<ul>\n<li><a href=\"http:\/\/www.mk-rechtsanwaelte.de\/mk\/rechtsanwaeltin-und-fachanwaeltin-andrea-mielke\/\">Frau Rechtsanw\u00e4ltin Andrea Mielke<\/a><\/li>\n<li><a href=\"http:\/\/www.mk-rechtsanwaelte.de\/mk\/rechtsanwalt-und-fachanwalt-guenther-koy\/\">Herr Rechtsanwalt G\u00fcnther Koy<\/a><\/li>\n<\/ul>\n","protected":false},"excerpt":{"rendered":"<p>Die Rechtsanwaltskanzlei MK Rechtsanw\u00e4lte besteht derzeit aus zwei Berufstr\u00e4gern: Frau Rechtsanw\u00e4ltin Andrea Mielke Herr Rechtsanwalt G\u00fcnther Koy<\/p>\n","protected":false},"author":1,"featured_media":0,"parent":0,"menu_order":0,"comment_status":"closed","ping_status":"closed","template":"","meta":[],"_links":{"self":[{"href":"http:\/\/www.mk-rechtsanwaelte.de\/mk\/wp-json\/wp\/v2\/pages\/22"}],"collection":[{"href":"http:\/\/www.mk-rechtsanwaelte.de\/mk\/wp-json\/wp\/v2\/pages"}],"about":[{"href":"http:\/\/www.mk-rechtsanwaelte.de\/mk\/wp-json\/wp\/v2\/types\/page"}],"author":[{"embeddable":true,"href":"http:\/\/www.mk-rechtsanwaelte.de\/mk\/wp-json\/wp\/v2\/users\/1"}],"replies":[{"embeddable":true,"href":"http:\/\/www.mk-rechtsanwaelte.de\/mk\/wp-json\/wp\/v2\/comments?post=22"}],"version-history":[{"count":3,"href":"http:\/\/www.mk-rechtsanwaelte.de\/mk\/wp-json\/wp\/v2\/pages\/22\/revisions"}],"predecessor-version":[{"id":35,"href":"http:\/\/www.mk-rechtsanwaelte.de\/mk\/wp-json\/wp\/v2\/pages\/22\/revisions\/35"}],"wp:attachment":[{"href":"http:\/\/www.mk-rechtsanwaelte.de\/mk\/wp-json\/wp\/v2\/media?parent=22"}],"curies":[{"name":"wp","href":"https:\/\/api.w.org\/{rel}","templated":true}]}}