{"id":32,"date":"2016-10-01T22:46:25","date_gmt":"2016-10-01T20:46:25","guid":{"rendered":"http:\/\/www.mk-rechtsanwaelte.de\/mk\/?page_id=32"},"modified":"2016-10-03T14:47:56","modified_gmt":"2016-10-03T12:47:56","slug":"rechtsgebiete","status":"publish","type":"page","link":"http:\/\/www.mk-rechtsanwaelte.de\/mk\/rechtsgebiete\/","title":{"rendered":"Rechtsgebiete"},"content":{"rendered":"<p>Die Kanzlei MK Rechtsanw\u00e4lte ist \u00fcberwiegend zivilrechtlich ausgerichtet. Wir bieten au\u00dfergerichliche Bersatung und gerichtliche Vertretung zu folgenden Rechtsgebieten an:<\/p>\n<p>Rechtsanw\u00e4ltin Andrea Mielke:<\/p>\n<ul>\n<li><a href=\"http:\/\/www.mk-rechtsanwaelte.de\/mk\/arbeitsrecht\/\">Arbeitsrecht (Fachanw\u00e4ltin)<\/a><\/li>\n<li><a href=\"http:\/\/www.mk-rechtsanwaelte.de\/mk\/familienrecht\/\">Familienrecht (Fachanw\u00e4ltin)<\/a><\/li>\n<li>Betreuungsrecht<\/li>\n<li>Werkvertragsrecht<\/li>\n<li>Verkehrsrecht<\/li>\n<li>Mediation<\/li>\n<li>allgemeines Zivilrecht<\/li>\n<li>Forderungsinkasso<\/li>\n<\/ul>\n<p>Rechtsanwalt G\u00fcnther Koy<\/p>\n<ul>\n<li><a href=\"http:\/\/www.mk-rechtsanwaelte.de\/mk\/mietrecht\/\">Mietrecht (Fachanwalt)<\/a><\/li>\n<li><a href=\"http:\/\/www.mk-rechtsanwaelte.de\/mk\/wohnungseigentumsrecht-das-weg\/\">Wohnungseigentumsrecht (Fachanwalt)<\/a><\/li>\n<li><a href=\"http:\/\/www.mk-rechtsanwaelte.de\/mk\/wettbewerbsrecht\/\">Wettbewerbsrecht<\/a><\/li>\n<li>Markenrecht<\/li>\n<li>Urheberrecht<\/li>\n<li>IT-Recht<\/li>\n<li>Verkehrsrecht<\/li>\n<li>Verkehrsstrafrecht<\/li>\n<li>allgemeines Zivilrecht<\/li>\n<li>Forderungsinkasso<\/li>\n<\/ul>\n<p>&nbsp;<\/p>\n","protected":false},"excerpt":{"rendered":"<p>Die Kanzlei MK Rechtsanw\u00e4lte ist \u00fcberwiegend zivilrechtlich ausgerichtet. Wir bieten au\u00dfergerichliche Bersatung und gerichtliche Vertretung zu folgenden Rechtsgebieten an: Rechtsanw\u00e4ltin Andrea Mielke: Arbeitsrecht (Fachanw\u00e4ltin) Familienrecht (Fachanw\u00e4ltin) Betreuungsrecht Werkvertragsrecht Verkehrsrecht Mediation allgemeines Zivilrecht Forderungsinkasso Rechtsanwalt G\u00fcnther Koy Mietrecht (Fachanwalt) Wohnungseigentumsrecht (Fachanwalt)<\/p>\n","protected":false},"author":1,"featured_media":0,"parent":0,"menu_order":0,"comment_status":"closed","ping_status":"closed","template":"","meta":[],"_links":{"self":[{"href":"http:\/\/www.mk-rechtsanwaelte.de\/mk\/wp-json\/wp\/v2\/pages\/32"}],"collection":[{"href":"http:\/\/www.mk-rechtsanwaelte.de\/mk\/wp-json\/wp\/v2\/pages"}],"about":[{"href":"http:\/\/www.mk-rechtsanwaelte.de\/mk\/wp-json\/wp\/v2\/types\/page"}],"author":[{"embeddable":true,"href":"http:\/\/www.mk-rechtsanwaelte.de\/mk\/wp-json\/wp\/v2\/users\/1"}],"replies":[{"embeddable":true,"href":"http:\/\/www.mk-rechtsanwaelte.de\/mk\/wp-json\/wp\/v2\/comments?post=32"}],"version-history":[{"count":3,"href":"http:\/\/www.mk-rechtsanwaelte.de\/mk\/wp-json\/wp\/v2\/pages\/32\/revisions"}],"predecessor-version":[{"id":74,"href":"http:\/\/www.mk-rechtsanwaelte.de\/mk\/wp-json\/wp\/v2\/pages\/32\/revisions\/74"}],"wp:attachment":[{"href":"http:\/\/www.mk-rechtsanwaelte.de\/mk\/wp-json\/wp\/v2\/media?parent=32"}],"curies":[{"name":"wp","href":"https:\/\/api.w.org\/{rel}","templated":true}]}}