{"id":42,"date":"2016-10-01T23:05:19","date_gmt":"2016-10-01T21:05:19","guid":{"rendered":"http:\/\/www.mk-rechtsanwaelte.de\/mk\/?page_id=42"},"modified":"2016-10-05T11:16:30","modified_gmt":"2016-10-05T09:16:30","slug":"familienrecht","status":"publish","type":"page","link":"http:\/\/www.mk-rechtsanwaelte.de\/mk\/familienrecht\/","title":{"rendered":"Familienrecht"},"content":{"rendered":"<p align=\"justify\">Wir beraten au\u00dfergerichtlich und gerichtlich zu allen Fragen des Familienrechts. Hierzu geh\u00f6ren insbesondere Ehe- und Partnervertr\u00e4ge , Trennungen , Unterhaltsfragen , Scheidung , Verm\u00f6gensauseinandersetzungen sowie das Sorgerecht f\u00fcr Kinder .<\/p>\n<div align=\"justify\"><\/div>\n<p align=\"justify\">Auch im Umgangsrech<a href=\"http:\/\/www.mkb-rechtsanwaelte.de\/index.php\/Erlaeuterungen-Familienrecht-Umgangsrecht.html\">t<\/a> , sowie bei Adoptionen und Kindschaftsverfahren mit Auslandsbezug \u00a0 haben wir umfangreiche Erfahrungen sammeln k\u00f6nnen.<\/p>\n<div align=\"justify\"><\/div>\n<p align=\"justify\">Ansprechpartner f\u00fcr das Familienrecht ist Frau Rechtsanw\u00e4ltin Andrea Mielke. Diese ist auch Fachanw\u00e4ltin f\u00fcr Familienrecht.<\/p>\n<p align=\"justify\">Aktuelle Berichte zum Thema Familienrecht finden Sie auch in unserem MKB-Rechtsblog unter der Kategorie Familienrecht .<\/p>\n","protected":false},"excerpt":{"rendered":"<p>Wir beraten au\u00dfergerichtlich und gerichtlich zu allen Fragen des Familienrechts. Hierzu geh\u00f6ren insbesondere Ehe- und Partnervertr\u00e4ge , Trennungen , Unterhaltsfragen , Scheidung , Verm\u00f6gensauseinandersetzungen sowie das Sorgerecht f\u00fcr Kinder . Auch im Umgangsrecht , sowie bei Adoptionen und Kindschaftsverfahren mit<\/p>\n","protected":false},"author":1,"featured_media":0,"parent":0,"menu_order":0,"comment_status":"closed","ping_status":"closed","template":"","meta":[],"_links":{"self":[{"href":"http:\/\/www.mk-rechtsanwaelte.de\/mk\/wp-json\/wp\/v2\/pages\/42"}],"collection":[{"href":"http:\/\/www.mk-rechtsanwaelte.de\/mk\/wp-json\/wp\/v2\/pages"}],"about":[{"href":"http:\/\/www.mk-rechtsanwaelte.de\/mk\/wp-json\/wp\/v2\/types\/page"}],"author":[{"embeddable":true,"href":"http:\/\/www.mk-rechtsanwaelte.de\/mk\/wp-json\/wp\/v2\/users\/1"}],"replies":[{"embeddable":true,"href":"http:\/\/www.mk-rechtsanwaelte.de\/mk\/wp-json\/wp\/v2\/comments?post=42"}],"version-history":[{"count":3,"href":"http:\/\/www.mk-rechtsanwaelte.de\/mk\/wp-json\/wp\/v2\/pages\/42\/revisions"}],"predecessor-version":[{"id":102,"href":"http:\/\/www.mk-rechtsanwaelte.de\/mk\/wp-json\/wp\/v2\/pages\/42\/revisions\/102"}],"wp:attachment":[{"href":"http:\/\/www.mk-rechtsanwaelte.de\/mk\/wp-json\/wp\/v2\/media?parent=42"}],"curies":[{"name":"wp","href":"https:\/\/api.w.org\/{rel}","templated":true}]}}