{"id":44,"date":"2016-10-01T23:07:07","date_gmt":"2016-10-01T21:07:07","guid":{"rendered":"http:\/\/www.mk-rechtsanwaelte.de\/mk\/?page_id=44"},"modified":"2016-10-05T11:01:01","modified_gmt":"2016-10-05T09:01:01","slug":"mietrecht","status":"publish","type":"page","link":"http:\/\/www.mk-rechtsanwaelte.de\/mk\/mietrecht\/","title":{"rendered":"Mietrecht"},"content":{"rendered":"<p align=\"justify\">Unter Miete wird generell die \u00dcberlassung einer Sache an einen anderen gegen Entgelt verstanden. Die wesentlichen mietrechtlichen Regelungen sind im B\u00fcrgerlichen Gesetzbuch (BGB) in den \u00a7\u00a7 535 bis 606 BGB zu finden. Dazu kommen eine F\u00fclle von Verordnungen, Nebengesetzen und Urteilen, die im Einzelfall bei der Bewertung eines mietrechtlichen Problems herangezogen werden m\u00fcssen.<\/p>\n<p align=\"justify\">In Deutschland betr\u00e4gt der Anteil der Mietwohnungen \u00fcber 55% aller Haushalte. Die Verweildauer betr\u00e4gt im Schnitt 12,1 Jahre. Seit 1997 hat sich sowohl das Mietrecht als auch die mietrechtliche Rechtsprechung sehr gewandelt. Die gro\u00dfe Mietrechtsreform im Jahre 2001 hat\u00a0 insbesondere im K\u00fcndigungsrecht als auch bei den Nebenkosten zu erheblichen \u00c4nderungen gef\u00fchrt. Wir zeigen Ihnen, welche Rechte und welche Pflichten sich aus diesen Ver\u00e4nderungen f\u00fcr Sie ergeben.<\/p>\n<p align=\"justify\">Das Gewerberaummietrecht ist im Unterschied zum Wohnraummietrecht weniger an feste gesetzliche Regelungen gebunden, der Mieter und der Vermieter haben einen h\u00f6heren Gestaltungsspielraum. Gewerberaummietvertr\u00e4ge gehen daher meist von einer langfristigen Bindung der Vertragsparteien aus. Dies ist f\u00fcr die Vertragsparteien Segen und Fluch zugleich. Ein 5j\u00e4hriger Mietvertrag kann bei einem erfolgreichen Gewerbe Sicherheit geben, bei einer gesch\u00e4ftlichen Krise aber schnell die wirtschaftliche Lage versch\u00e4rfen.<\/p>\n<p align=\"justify\">Ein ausgewogener Mietvertrag ist daher elementarer Bestandteil jeder gesch\u00e4ftlichen T\u00e4tigkeit. Wir beraten und begleiten Mieter wie Vermieter bei der Verhandlung, Abschluss und Durchf\u00fchrung von Gewerberaummietvertr\u00e4gen. Erforderlichenfalls setzen wir Ihre Rechte auch gerichtlich durch.<\/p>\n<p align=\"justify\">Wir unterst\u00fctzen Mieter als auch Vermieter, bei allen au\u00dfergerichtlich und gerichtlichen Verfahren und Fragestellungen.<\/p>\n<p align=\"justify\">Ansprechpartner f\u00fcr das Wohnraummietrecht ist <a href=\"http:\/\/www.mk-rechtsanwaelte.de\/mk\/rechtsanwalt-und-fachanwalt-guenther-koy\/\">Herr Fachanwalt f\u00fcr Miet- und Wohnungseigentumsrecht G\u00fcnther Koy<\/a><\/p>\n","protected":false},"excerpt":{"rendered":"<p>Unter Miete wird generell die \u00dcberlassung einer Sache an einen anderen gegen Entgelt verstanden. Die wesentlichen mietrechtlichen Regelungen sind im B\u00fcrgerlichen Gesetzbuch (BGB) in den \u00a7\u00a7 535 bis 606 BGB zu finden. Dazu kommen eine F\u00fclle von Verordnungen, Nebengesetzen und<\/p>\n","protected":false},"author":1,"featured_media":90,"parent":0,"menu_order":0,"comment_status":"closed","ping_status":"closed","template":"","meta":[],"_links":{"self":[{"href":"http:\/\/www.mk-rechtsanwaelte.de\/mk\/wp-json\/wp\/v2\/pages\/44"}],"collection":[{"href":"http:\/\/www.mk-rechtsanwaelte.de\/mk\/wp-json\/wp\/v2\/pages"}],"about":[{"href":"http:\/\/www.mk-rechtsanwaelte.de\/mk\/wp-json\/wp\/v2\/types\/page"}],"author":[{"embeddable":true,"href":"http:\/\/www.mk-rechtsanwaelte.de\/mk\/wp-json\/wp\/v2\/users\/1"}],"replies":[{"embeddable":true,"href":"http:\/\/www.mk-rechtsanwaelte.de\/mk\/wp-json\/wp\/v2\/comments?post=44"}],"version-history":[{"count":4,"href":"http:\/\/www.mk-rechtsanwaelte.de\/mk\/wp-json\/wp\/v2\/pages\/44\/revisions"}],"predecessor-version":[{"id":86,"href":"http:\/\/www.mk-rechtsanwaelte.de\/mk\/wp-json\/wp\/v2\/pages\/44\/revisions\/86"}],"wp:featuredmedia":[{"embeddable":true,"href":"http:\/\/www.mk-rechtsanwaelte.de\/mk\/wp-json\/wp\/v2\/media\/90"}],"wp:attachment":[{"href":"http:\/\/www.mk-rechtsanwaelte.de\/mk\/wp-json\/wp\/v2\/media?parent=44"}],"curies":[{"name":"wp","href":"https:\/\/api.w.org\/{rel}","templated":true}]}}