{"id":48,"date":"2016-10-01T23:09:48","date_gmt":"2016-10-01T21:09:48","guid":{"rendered":"http:\/\/www.mk-rechtsanwaelte.de\/mk\/?page_id=48"},"modified":"2016-10-05T10:53:40","modified_gmt":"2016-10-05T08:53:40","slug":"wohnungseigentumsrecht-das-weg","status":"publish","type":"page","link":"http:\/\/www.mk-rechtsanwaelte.de\/mk\/wohnungseigentumsrecht-das-weg\/","title":{"rendered":"Wohnungseigentumsrecht &#8211; das WEG"},"content":{"rendered":"<table class=\"contentpaneopen\">\n<tbody>\n<tr>\n<td colspan=\"2\" valign=\"top\">\n<p align=\"justify\">In fr\u00fcheren Zeiten wurden H\u00e4user, die nach dem sogenannten WEG-Recht verwaltet werden, \u201eStreith\u00e4user\u201c genannt. Die Kanzlei MK Rechtsanw\u00e4lte hilft Eigent\u00fcmern und Verwaltungen bei der Durchsetzung Ihrer Rechte.\u00a0 Die Reform des Wohnungseigentumsrecht im Jahre 2007 hat der Verwaltung und der Gemeinschaft nunmehr bessere Mittel an die Hand gegeben, um Streitpunkte auszur\u00e4umen und Mehrheitseintscheidungen gegebenenfalls auch gerichtlich durchzusetzen.<\/p>\n<p align=\"justify\">Wir beraten Eigent\u00fcmer, Verwaltungen und Eigent\u00fcmergemeinschaften in allen Fragen des WEG-Rechts, angefangen von Nachbarschaftsstreitigkeiten, \u00fcber Durchsetzung und Abwehr von baulichen Ver\u00e4nderungen, bis hin zur gerichtlichen Vertretung im Rahmen von Anfechtungen von Beschl\u00fcssen.<\/p>\n<p align=\"justify\">Ansprechpartner f\u00fcr das Wohnungseigentumsrecht ist Herr <a href=\"http:\/\/www.mk-rechtsanwaelte.de\/mk\/rechtsanwalt-und-fachanwalt-guenther-koy\/\">Fachanwalt f\u00fcr Miet- Wohnungseigentumsrecht G\u00fcnther Koy<\/a><\/p>\n<\/td>\n<\/tr>\n<\/tbody>\n<\/table>\n<p><span class=\"article_seperator\">\u00a0<\/span><\/p>\n","protected":false},"excerpt":{"rendered":"<p>In fr\u00fcheren Zeiten wurden H\u00e4user, die nach dem sogenannten WEG-Recht verwaltet werden, \u201eStreith\u00e4user\u201c genannt. Die Kanzlei MK Rechtsanw\u00e4lte hilft Eigent\u00fcmern und Verwaltungen bei der Durchsetzung Ihrer Rechte.\u00a0 Die Reform des Wohnungseigentumsrecht im Jahre 2007 hat der Verwaltung und der Gemeinschaft<\/p>\n","protected":false},"author":1,"featured_media":0,"parent":0,"menu_order":0,"comment_status":"closed","ping_status":"closed","template":"","meta":[],"_links":{"self":[{"href":"http:\/\/www.mk-rechtsanwaelte.de\/mk\/wp-json\/wp\/v2\/pages\/48"}],"collection":[{"href":"http:\/\/www.mk-rechtsanwaelte.de\/mk\/wp-json\/wp\/v2\/pages"}],"about":[{"href":"http:\/\/www.mk-rechtsanwaelte.de\/mk\/wp-json\/wp\/v2\/types\/page"}],"author":[{"embeddable":true,"href":"http:\/\/www.mk-rechtsanwaelte.de\/mk\/wp-json\/wp\/v2\/users\/1"}],"replies":[{"embeddable":true,"href":"http:\/\/www.mk-rechtsanwaelte.de\/mk\/wp-json\/wp\/v2\/comments?post=48"}],"version-history":[{"count":3,"href":"http:\/\/www.mk-rechtsanwaelte.de\/mk\/wp-json\/wp\/v2\/pages\/48\/revisions"}],"predecessor-version":[{"id":89,"href":"http:\/\/www.mk-rechtsanwaelte.de\/mk\/wp-json\/wp\/v2\/pages\/48\/revisions\/89"}],"wp:attachment":[{"href":"http:\/\/www.mk-rechtsanwaelte.de\/mk\/wp-json\/wp\/v2\/media?parent=48"}],"curies":[{"name":"wp","href":"https:\/\/api.w.org\/{rel}","templated":true}]}}