{"id":56,"date":"2016-10-03T14:29:28","date_gmt":"2016-10-03T12:29:28","guid":{"rendered":"http:\/\/www.mk-rechtsanwaelte.de\/mk\/?page_id=56"},"modified":"2016-10-05T10:52:07","modified_gmt":"2016-10-05T08:52:07","slug":"wettbewerbsrecht","status":"publish","type":"page","link":"http:\/\/www.mk-rechtsanwaelte.de\/mk\/wettbewerbsrecht\/","title":{"rendered":"Wettbewerbsrecht"},"content":{"rendered":"<p>Das Wettbewerbsrecht regelt das Verh\u00e4ltnis der Marktteilnehmer im Wettbewerb. Dabei hat der Gesetzgeber anders als in anderen Rechtsgebieten, keine eigene Kontrollbeh\u00f6rde, sondern setzt darauf, dass sich die Wettbewerber gegenseitig auf rechtm\u00e4\u00dfiges Verhalten \u00fcberwachen. Stellt ein Wettbewerber fest, dass das Marktverhalten eines Konkurrenten gegen das <a href=\"https:\/\/www.gesetze-im-internet.de\/uwg_2004\/\">Gesetz gegen den unlauteren Wettbewerb <\/a>(UWG) oder andere Vorschriften zur Regelung des Marktes verst\u00f6\u00dft &#8211; beispielsweise das <a href=\"https:\/\/www.gesetze-im-internet.de\/heilmwerbg\/BJNR006049965.html\">Heilmittelwerbegesetz (HWG) <\/a>oder die Energie <a href=\"https:\/\/www.gesetze-im-internet.de\/enev_2007\/\">EinsparVerordnung (EnEV)<\/a> -, hat er die M\u00f6glichkeit den Gegner durch eine Abmahnung zu gesetzeskonformen Verhalten zu bewegen. Das Anerkenntnis einer Abmahnung ist die Abgabe einer strafbew\u00e4hrten Unterlassungserkl\u00e4rung, die dem Abmahner das Recht gibt, im Falle eines erneuten Versto\u00dfes eine Vertragsstrafe zu verlangen. Auch\u00a0 die Rechtsanwaltskosten einer begr\u00fcndeten Abmahnung muss\u00a0 der Empf\u00e4nger als Schadenersatz\u00a0 entrichten.<\/p>\n<p>Gibt der Empf\u00e4nger die geforderte Unterlassungserkl\u00e4rung nicht ab, kann der Abmahnende bei Beachtung vorgegebener Fristen\u00a0 eine einstweilige Verf\u00fcgung ohne Anh\u00f6rung des Abgemahnten durch das zust\u00e4ndige Landgericht beantragen. In diesem Fall wird der Gegner durch das Gericht zu einer Unterlassung der beanstandeten Handlung (etwa einer Werbung, der Darstellung auf einer Webseite oder dem Anbieten von gesetzeswidrigen\u00a0 Waren) verpflichtet. Der Abgemahnte hat dann das Recht gegen die einstweilige Verf\u00fcgung Widerspruch zu erheben, so dass im Rahmen einer m\u00fcndlichen Verhandlung \u00fcber den Anspruch kurzfristig verhandelt wird.<\/p>\n<p>Aus juristischer Sicht ist das Wettbewerbsrecht ein \u00fcberaus &#8222;schnelles Verfahren&#8220;, da fast alle Sachverhalte im Rahmen von Abmahnungen und einstweiligen Verf\u00fcgungen geregelt werden, nur selten kommt es zu regul\u00e4ren Hauptverfahren. Angesichts der Kurzlebigkeit von Werbeaktionen und Angeboten ist dies auch nachvollziehbar. F\u00fcr den Mandanten bedeutet dies aber auf alle Sachverhalte schnell und kurzfristig zu reagieren, unabh\u00e4ngig ob man nun abgemahnt wurde oder gegen eine\u00a0 unrechtm\u00e4\u00dfige Werbung\u00a0 eines Konkurrenten vorgehen will.<\/p>\n<p>MK-Rechtsanw\u00e4lte sind f\u00fcr ihre Mandanten auf beiden Seiten aktiv. Wir pr\u00fcfen den Sachverhalt auf seine wettbewerbsrechtliche Relevanz,\u00a0 sprechen in den begr\u00fcndeten F\u00e4llen Abmahnungen f\u00fcr unsere Mandanten aus und verfolgen die Rechte unserer Mandanten auch im Wege der einstweiligen Verf\u00fcgung. Dabei achten wir auf die Besonderheiten des Wettbewerbsrechtes, um nicht durch Formfehler &#8211; etwa die fehlende Zustellung von einstweiligen Verf\u00fcgungen in der Vollziehungsfrist &#8211;\u00a0 die Rechte unserer Mandanten zu gef\u00e4hrden.<\/p>\n<p>Haben unsere Mandanten eine Abmahnung erhalten pr\u00fcfen wir, ob diese berechtigt ist und beraten unsere Mandanten hinsichtlich der bestm\u00f6glichen Reaktion auf die erhaltene Abmahnung.Dabei werden neben den juristischen Aspekte nat\u00fcrlich auch die wirtschaftlichen Belange des Mandanten in die Bewertung mit einbezogen um das f\u00fcr den Mandanten wirtschaftlich beste Ergebnis zu erzielen.<\/p>\n<p>In der Vergangenheit haben wir im Wettbewerbsrecht eine Vielzahl von Branchen vertreten, etwa Onlineh\u00e4ndler, E-Bay Powerseller, Softwarehersteller, H\u00f6rger\u00e4teakustiker, Innungsverb\u00e4nde, Elektriker, Elektrofachgesch\u00e4ft, Druckereien und und und<\/p>\n<p>Ansprechpartner f\u00fcr\u00a0 das Wettbewerbsrecht ist Herr <a href=\"http:\/\/www.mk-rechtsanwaelte.de\/mk\/rechtsanwalt-und-fachanwalt-guenther-koy\/\">Rechtsanwalt G\u00fcnther Koy<\/a><\/p>\n","protected":false},"excerpt":{"rendered":"<p>Das Wettbewerbsrecht regelt das Verh\u00e4ltnis der Marktteilnehmer im Wettbewerb. Dabei hat der Gesetzgeber anders als in anderen Rechtsgebieten, keine eigene Kontrollbeh\u00f6rde, sondern setzt darauf, dass sich die Wettbewerber gegenseitig auf rechtm\u00e4\u00dfiges Verhalten \u00fcberwachen. Stellt ein Wettbewerber fest, dass das Marktverhalten<\/p>\n","protected":false},"author":1,"featured_media":0,"parent":0,"menu_order":0,"comment_status":"closed","ping_status":"closed","template":"","meta":[],"_links":{"self":[{"href":"http:\/\/www.mk-rechtsanwaelte.de\/mk\/wp-json\/wp\/v2\/pages\/56"}],"collection":[{"href":"http:\/\/www.mk-rechtsanwaelte.de\/mk\/wp-json\/wp\/v2\/pages"}],"about":[{"href":"http:\/\/www.mk-rechtsanwaelte.de\/mk\/wp-json\/wp\/v2\/types\/page"}],"author":[{"embeddable":true,"href":"http:\/\/www.mk-rechtsanwaelte.de\/mk\/wp-json\/wp\/v2\/users\/1"}],"replies":[{"embeddable":true,"href":"http:\/\/www.mk-rechtsanwaelte.de\/mk\/wp-json\/wp\/v2\/comments?post=56"}],"version-history":[{"count":4,"href":"http:\/\/www.mk-rechtsanwaelte.de\/mk\/wp-json\/wp\/v2\/pages\/56\/revisions"}],"predecessor-version":[{"id":88,"href":"http:\/\/www.mk-rechtsanwaelte.de\/mk\/wp-json\/wp\/v2\/pages\/56\/revisions\/88"}],"wp:attachment":[{"href":"http:\/\/www.mk-rechtsanwaelte.de\/mk\/wp-json\/wp\/v2\/media?parent=56"}],"curies":[{"name":"wp","href":"https:\/\/api.w.org\/{rel}","templated":true}]}}