{"id":69,"date":"2016-10-03T14:41:20","date_gmt":"2016-10-03T12:41:20","guid":{"rendered":"http:\/\/www.mk-rechtsanwaelte.de\/mk\/?page_id=69"},"modified":"2019-07-20T09:01:29","modified_gmt":"2019-07-20T07:01:29","slug":"impressum","status":"publish","type":"page","link":"http:\/\/www.mk-rechtsanwaelte.de\/mk\/impressum\/","title":{"rendered":"Impressum"},"content":{"rendered":"<p>Angaben nach \u00a7 5 Telemediengesetz (TMG)<br \/>\n\u00fcber den Anbieter der Seite www.mk-rechtsanwaelte.de bzw. www.mk-rechtsanwaelte.com, mkb-recht.de sowie mkb-rechtsanwaelte.de:<\/p>\n<p align=\"justify\">MK-Rechtsanw\u00e4lte<\/p>\n<p align=\"justify\">Rechtsanw\u00e4ltin Andrea Mielke<\/p>\n<p align=\"justify\">Fachanw\u00e4ltin f\u00fcr Arbeitsrecht, Fachanw\u00e4ltin f\u00fcr Familienrecht<\/p>\n<p align=\"justify\">Rechtsanwalt G\u00fcnther Koy<\/p>\n<p align=\"justify\">Fachanwalt f\u00fcr Miet- und Wohnungseigentumsrecht<\/p>\n<p>Kanzleikurzbezeichnung : MK Rechtsanw\u00e4lte<\/p>\n<p align=\"justify\"><strong>Anschrift: <\/strong><br \/>\nMK &#8211; Rechtsanw\u00e4lte<br \/>\nKiebitzhof 9<br \/>\n22089 Hamburg<\/p>\n<p align=\"justify\">Telefon (040) 675 87 67 &#8211; 0 Telefax (040) 675 8767-18 E-Mail: <a href=\"mailto:kanzlei@mk-rechtsanwaelte.de\">kanzlei@mk-rechtsanwaelte.de<\/a><\/p>\n<p align=\"justify\">Frau Rechtsanw\u00e4ltin Andrea Mielke ist in der Bundesrepublik Deutschland\u00a0\u00a0 zur Rechtsanwaltschaft zugelassen und berechtigt, die Berufsbezeichnung &#8222;Rechtsanw\u00e4ltin&#8220; zu f\u00fchren. Frau Rechtsanw\u00e4ltin Mielke ist Mitglied der Rechtsanwaltskammer Hamburg.<\/p>\n<p align=\"justify\">Herr Rechtsanwalt G\u00fcnther Koy ist in der Bundesrepublik Deutschland zur Rechtsanwaltschaft zugelassen und berechtigt, die Berufsbezeichnung &#8222;Rechtsanwalt&#8220; zu f\u00fchren. Herr Rechtsanwalt Koy ist Mitglied der Rechtsanwaltskammer Hamburg<\/p>\n<p>Zust\u00e4ndige Kammer nach\u00a0 <a title=\"Informationspflichten des Diensteanbieters\" href=\"http:\/\/gesetze.juris.de\/tmg\/__5.html\" target=\"_blank\" rel=\"noopener\">\u00a7 5 TelemedienGesetz (TMG)<\/a> ist die <a title=\"Hanseatische Rechtsanwaltskammer \" href=\"http:\/\/www.rechtsanwaltskammerhamburg.de\/\" target=\"_blank\" rel=\"noopener\">Hanseatische Rechtsanwaltskammer<\/a> , Bleichenbr\u00fccke 9, 20354 Hamburg.<\/p>\n<p align=\"justify\"><strong>Umsatzsteuer-IdentifikationsNr: <\/strong><\/p>\n<p align=\"justify\">Ust-ID Rechtsanw\u00e4ltin Andrea Mielke \u00a0 \u00a0\u00a0\u00a0\u00a0\u00a0\u00a0\u00a0\u00a0\u00a0\u00a0\u00a0\u00a0\u00a0\u00a0\u00a0 DE165577243<\/p>\n<p align=\"justify\">Ust-ID Rechtsanwalt G\u00fcnther Koy:\u00a0\u00a0\u00a0\u00a0\u00a0\u00a0\u00a0\u00a0\u00a0\u00a0\u00a0\u00a0\u00a0\u00a0\u00a0\u00a0\u00a0\u00a0\u00a0\u00a0\u00a0\u00a0 DE227139325<\/p>\n<p><strong>Berufsrechtliche Regelungen <\/strong><\/p>\n<p align=\"justify\">Die Angaben nach \u00a7 5 TMG, insbesondere die berufsrechtlichen Regelungen k\u00f6nnen auf der Seite der Bundesrechtsanwaltskammer, dort unter dem Link &#8222;<a title=\"Informationspflichten \" href=\"http:\/\/www.brak.de\/seiten\/06.php#tdg\" target=\"_blank\" rel=\"noopener\">Informationspflichten nach \u00a7 5 TMG<\/a> &#8220; angesehen werden.<\/p>\n<p align=\"justify\">Die berufsrechtlichen Regelungen f\u00fcr die Rechtsanwaltschaft\u00a0 finden sie <a href=\"http:\/\/www.berufsordnung.de\/\" target=\"_blank\" rel=\"noopener\">hier<\/a>.<\/p>\n<p align=\"justify\"><strong>Berufshaftpflichtversicherung <\/strong><\/p>\n<p>Gem\u00e4\u00df Art. 22 Abs. 4 der Dienstleistungsrichtlinie ist auf folgendes hinzuweisen:\u00a0 Rechtsanw\u00e4ltinnen und Rechtsanw\u00e4lte sind aufgrund der Bundesrechtsanwaltsordnung verpflichtet, eine Berufshaftpflichtversicherung mit einer Mindestversicherungssumme von 250.000 Euro zu unterhalten. Die Einzelheiten ergeben sich aus \u00a7 51 BRAO. Folgende Berufhaftpflichtversicherungen werden von den jeweiligen Rechtsanw\u00e4lten der Kanzlei MK-Rechtsanw\u00e4lte unterhalten:<\/p>\n<p>Rechtsanw\u00e4ltin Andrea Mielke: Ergo Versicherungsgruppe AG, Viktoriaplatz 2, 40477 D\u00fcsseldorf. Der Versicherungsschutz erstreckt sich auf die Beratung, alle au\u00dfergerichtlichen T\u00e4tigkeiten sowie die Vertretung vor allen europ\u00e4ischen Gerichten<\/p>\n<p align=\"justify\">Rechtsanwalt G\u00fcnther Koy, Ergo Versicherungsgruppe AG, Viktoriaplatz 2, 40477 D\u00fcsseldorf. Der Versicherungsschutz erstreckt sich auf die Beratung, alle au\u00dfergerichtlichen T\u00e4tigkeiten sowie die Vertretung vor allen europ\u00e4ischen Gerichten<\/p>\n<p><strong>Haftungsbegrenzung<\/strong><\/p>\n<p align=\"justify\">Den Inhalt anderer Websites, die Sie \u00fcber Hyperlinks vom Angebot \u201ewww.mk-rechtsanwaelte.de\u201c aus besuchen k\u00f6nnen, mache ich mir ausdr\u00fccklich nicht zu eigen. Die Kanzlei MK-Rechtsanw\u00e4lte hat keinen Einfluss auf die aktuelle und zuk\u00fcnftige Gestaltung bzw. auf die Inhalte der gelinkten Seiten. F\u00fcr deren inhaltliche Korrektheit, Vollst\u00e4ndigkeit und Verf\u00fcgbarkeit k\u00f6nnen wir deshalb keine Gew\u00e4hr leisten. Unserer\u00a0 Kenntnis nach sind die gelinkten Seiten frei von rechtswidrigen Inhalten. Sollten Sie Informationen erhalten, dass dort illegale Inhalte zu finden sind, bitten wir Sie dringend um einen Hinweis, damit der Verweis auf das betreffende Angebot aufgehoben werden\u00a0 kann<\/p>\n","protected":false},"excerpt":{"rendered":"<p>Angaben nach \u00a7 5 Telemediengesetz (TMG) \u00fcber den Anbieter der Seite www.mk-rechtsanwaelte.de bzw. www.mk-rechtsanwaelte.com, mkb-recht.de sowie mkb-rechtsanwaelte.de: MK-Rechtsanw\u00e4lte Rechtsanw\u00e4ltin Andrea Mielke Fachanw\u00e4ltin f\u00fcr Arbeitsrecht, Fachanw\u00e4ltin f\u00fcr Familienrecht Rechtsanwalt G\u00fcnther Koy Fachanwalt f\u00fcr Miet- und Wohnungseigentumsrecht Kanzleikurzbezeichnung : MK Rechtsanw\u00e4lte Anschrift:<\/p>\n","protected":false},"author":1,"featured_media":0,"parent":0,"menu_order":0,"comment_status":"closed","ping_status":"closed","template":"","meta":[],"_links":{"self":[{"href":"http:\/\/www.mk-rechtsanwaelte.de\/mk\/wp-json\/wp\/v2\/pages\/69"}],"collection":[{"href":"http:\/\/www.mk-rechtsanwaelte.de\/mk\/wp-json\/wp\/v2\/pages"}],"about":[{"href":"http:\/\/www.mk-rechtsanwaelte.de\/mk\/wp-json\/wp\/v2\/types\/page"}],"author":[{"embeddable":true,"href":"http:\/\/www.mk-rechtsanwaelte.de\/mk\/wp-json\/wp\/v2\/users\/1"}],"replies":[{"embeddable":true,"href":"http:\/\/www.mk-rechtsanwaelte.de\/mk\/wp-json\/wp\/v2\/comments?post=69"}],"version-history":[{"count":3,"href":"http:\/\/www.mk-rechtsanwaelte.de\/mk\/wp-json\/wp\/v2\/pages\/69\/revisions"}],"predecessor-version":[{"id":18775,"href":"http:\/\/www.mk-rechtsanwaelte.de\/mk\/wp-json\/wp\/v2\/pages\/69\/revisions\/18775"}],"wp:attachment":[{"href":"http:\/\/www.mk-rechtsanwaelte.de\/mk\/wp-json\/wp\/v2\/media?parent=69"}],"curies":[{"name":"wp","href":"https:\/\/api.w.org\/{rel}","templated":true}]}}