{"id":8,"date":"2016-10-01T22:12:51","date_gmt":"2016-10-01T20:12:51","guid":{"rendered":"http:\/\/www.mk-rechtsanwaelte.de\/mk\/?page_id=8"},"modified":"2016-10-03T14:46:13","modified_gmt":"2016-10-03T12:46:13","slug":"rechtsanwaeltin-und-fachanwaeltin-andrea-mielke","status":"publish","type":"page","link":"http:\/\/www.mk-rechtsanwaelte.de\/mk\/rechtsanwaeltin-und-fachanwaeltin-andrea-mielke\/","title":{"rendered":"Rechtsanw\u00e4ltin und Fachanw\u00e4ltin Andrea Mielke"},"content":{"rendered":"<p><img decoding=\"async\" loading=\"lazy\" class=\"alignnone size-medium wp-image-11 aligncenter\" src=\"http:\/\/www.mk-rechtsanwaelte.de\/mk\/wp-content\/uploads\/2016\/10\/Andrea-1-281x300.jpg\" alt=\"andrea-1\" width=\"281\" height=\"300\" srcset=\"http:\/\/www.mk-rechtsanwaelte.de\/mk\/wp-content\/uploads\/2016\/10\/Andrea-1-281x300.jpg 281w, http:\/\/www.mk-rechtsanwaelte.de\/mk\/wp-content\/uploads\/2016\/10\/Andrea-1.jpg 456w\" sizes=\"(max-width: 281px) 100vw, 281px\" \/><\/p>\n<p>Frau Rechtsanw\u00e4ltin Andrea Mielke ist seit 1994 als selbst\u00e4ndige Rechtsanw\u00e4ltin in Hamburg aktiv. Ihre Schwerpunkte sind das Arbeitsrecht, Familienrecht, Werkvertragsrecht (Baurecht) und Stra\u00dfenverkehrsrecht.\u00a0 Dar\u00fcber hinaus ist Frau Rechtsanw\u00e4ltin Mielke \u2013 wie alle Anw\u00e4lte der Kanzlei \u2013 im allgemeinen Forderungsinkasso t\u00e4tig.<\/p>\n<p>Frau Rechtsanw\u00e4ltin Mielke ist <strong><em><a title=\"Wikipedia\" href=\"http:\/\/de.wikipedia.org\/wiki\/Fachanwalt\" target=\"_blank\">Fachanw\u00e4ltin<\/a> f\u00fcr Familienrecht <\/em><\/strong>sowie<em><strong> Fachanw\u00e4ltin f\u00fcr Arbeitsrecht.<\/strong><\/em>Weiterhin hat Frau Rechtsanw\u00e4ltin Mielke eine umfangreiche Ausbildung zur Mediatorin absolviert. Frau Mielke ist seit mehreren Jahren als Berufsbetreuerin und Verfahrenspflegerin t\u00e4tig.<\/p>\n<p>&nbsp;<\/p>\n","protected":false},"excerpt":{"rendered":"<p>Frau Rechtsanw\u00e4ltin Andrea Mielke ist seit 1994 als selbst\u00e4ndige Rechtsanw\u00e4ltin in Hamburg aktiv. Ihre Schwerpunkte sind das Arbeitsrecht, Familienrecht, Werkvertragsrecht (Baurecht) und Stra\u00dfenverkehrsrecht.\u00a0 Dar\u00fcber hinaus ist Frau Rechtsanw\u00e4ltin Mielke \u2013 wie alle Anw\u00e4lte der Kanzlei \u2013 im allgemeinen Forderungsinkasso t\u00e4tig.<\/p>\n","protected":false},"author":1,"featured_media":0,"parent":0,"menu_order":0,"comment_status":"closed","ping_status":"closed","template":"","meta":[],"_links":{"self":[{"href":"http:\/\/www.mk-rechtsanwaelte.de\/mk\/wp-json\/wp\/v2\/pages\/8"}],"collection":[{"href":"http:\/\/www.mk-rechtsanwaelte.de\/mk\/wp-json\/wp\/v2\/pages"}],"about":[{"href":"http:\/\/www.mk-rechtsanwaelte.de\/mk\/wp-json\/wp\/v2\/types\/page"}],"author":[{"embeddable":true,"href":"http:\/\/www.mk-rechtsanwaelte.de\/mk\/wp-json\/wp\/v2\/users\/1"}],"replies":[{"embeddable":true,"href":"http:\/\/www.mk-rechtsanwaelte.de\/mk\/wp-json\/wp\/v2\/comments?post=8"}],"version-history":[{"count":2,"href":"http:\/\/www.mk-rechtsanwaelte.de\/mk\/wp-json\/wp\/v2\/pages\/8\/revisions"}],"predecessor-version":[{"id":12,"href":"http:\/\/www.mk-rechtsanwaelte.de\/mk\/wp-json\/wp\/v2\/pages\/8\/revisions\/12"}],"wp:attachment":[{"href":"http:\/\/www.mk-rechtsanwaelte.de\/mk\/wp-json\/wp\/v2\/media?parent=8"}],"curies":[{"name":"wp","href":"https:\/\/api.w.org\/{rel}","templated":true}]}}